{"id":557,"date":"2022-08-09T09:52:03","date_gmt":"2022-08-09T07:52:03","guid":{"rendered":"https:\/\/homeco.no\/om-homeco\/historie\/"},"modified":"2024-03-11T14:45:50","modified_gmt":"2024-03-11T13:45:50","slug":"historia","status":"publish","type":"page","link":"https:\/\/homeco.no\/sv\/om-homeco\/historia\/","title":{"rendered":"Historia"},"content":{"rendered":"<h3>D\u00e5tid och framtid<\/h3>\n<p>Utveckling handlar om att lyfta blicken och r\u00f6ra sig fram\u00e5t, ibland steg f\u00f6r steg, andra g\u00e5nger med ett j\u00e4ttekliv. Men det handlar ocks\u00e5 om att se tillbaka och l\u00e4ra sig av det f\u00f6rflutna, och f\u00f6r\u00e4dla historien f\u00f6r att tillgodose framtidens behov och krav.<\/p>\n<p>Vi \u00e4r stolta \u00f6ver v\u00e5r historia och vill s\u00e4kerst\u00e4lla att vi \u00e4ven i framtiden kan kasta en stolt blick tillbaka p\u00e5 det som d\u00e5 ligger bakom oss. Vi har en stark framtidstro och ser framf\u00f6r oss hus och hem som dignar av v\u00e5ra produkter.<\/p>\n<p>De flesta historier har redan ber\u00e4ttats, Homecos historia har just b\u00f6rjat.<\/p>\n","protected":false},"excerpt":{"rendered":"<p>D\u00e5tid och framtid Utveckling handlar om att lyfta blicken och r\u00f6ra sig fram\u00e5t, ibland steg f\u00f6r steg, andra g\u00e5nger med ett j\u00e4ttekliv. Men det handlar ocks\u00e5 om att se tillbaka och l\u00e4ra sig av det f\u00f6rflutna, och f\u00f6r\u00e4dla historien f\u00f6r att tillgodose framtidens behov och krav. Vi \u00e4r stolta \u00f6ver v\u00e5r historia och vill s\u00e4kerst\u00e4lla [&hellip;]<\/p>\n","protected":false},"author":1,"featured_media":514,"parent":553,"menu_order":2,"comment_status":"closed","ping_status":"closed","template":"","meta":{"_acf_changed":false,"footnotes":""},"class_list":["post-557","page","type-page","status-publish","has-post-thumbnail","hentry"],"acf":[],"yoast_head":"<!-- This site is optimized with the Yoast SEO plugin v27.1.1 - https:\/\/yoast.com\/product\/yoast-seo-wordpress\/ -->\n<title>Historia - Homeco<\/title>\n<meta name=\"description\" content=\"Historien \u00e4r den d\u00e5tid som vi l\u00e4r oss av. Homeco ser framtiden som det vi skapar fr\u00e5n och med nu.\" \/>\n<meta name=\"robots\" content=\"index, follow, max-snippet:-1, max-image-preview:large, max-video-preview:-1\" \/>\n<link rel=\"canonical\" href=\"https:\/\/homeco.no\/sv\/om-homeco\/historia\/\" \/>\n<meta property=\"og:locale\" content=\"sv_SE\" \/>\n<meta property=\"og:type\" content=\"article\" \/>\n<meta property=\"og:title\" content=\"Historia - Homeco\" \/>\n<meta property=\"og:description\" content=\"Historien \u00e4r den d\u00e5tid som vi l\u00e4r oss av. Homeco ser framtiden som det vi skapar fr\u00e5n och med nu.\" \/>\n<meta property=\"og:url\" content=\"https:\/\/homeco.no\/sv\/om-homeco\/historia\/\" \/>\n<meta property=\"og:site_name\" content=\"Homeco\" \/>\n<meta property=\"article:modified_time\" content=\"2024-03-11T13:45:50+00:00\" \/>\n<meta property=\"og:image\" content=\"https:\/\/homeco.no\/wp-content\/uploads\/2022\/10\/HomeCo_Sep22_026.jpg\" \/>\n\t<meta property=\"og:image:width\" content=\"2000\" \/>\n\t<meta property=\"og:image:height\" content=\"1334\" \/>\n\t<meta property=\"og:image:type\" content=\"image\/jpeg\" \/>\n<meta name=\"twitter:card\" content=\"summary_large_image\" \/>\n<meta name=\"twitter:label1\" content=\"Ber\u00e4knad l\u00e4stid\" \/>\n\t<meta name=\"twitter:data1\" content=\"1 minut\" \/>\n<script type=\"application\/ld+json\" class=\"yoast-schema-graph\">{\"@context\":\"https:\/\/schema.org\",\"@graph\":[{\"@type\":\"WebPage\",\"@id\":\"https:\/\/homeco.no\/sv\/om-homeco\/historia\/\",\"url\":\"https:\/\/homeco.no\/sv\/om-homeco\/historia\/\",\"name\":\"Historia - Homeco\",\"isPartOf\":{\"@id\":\"https:\/\/homeco.no\/sv\/#website\"},\"primaryImageOfPage\":{\"@id\":\"https:\/\/homeco.no\/sv\/om-homeco\/historia\/#primaryimage\"},\"image\":{\"@id\":\"https:\/\/homeco.no\/sv\/om-homeco\/historia\/#primaryimage\"},\"thumbnailUrl\":\"https:\/\/homeco.no\/wp-content\/uploads\/2022\/10\/HomeCo_Sep22_026.jpg\",\"datePublished\":\"2022-08-09T07:52:03+00:00\",\"dateModified\":\"2024-03-11T13:45:50+00:00\",\"description\":\"Historien \u00e4r den d\u00e5tid som vi l\u00e4r oss av. Homeco ser framtiden som det vi skapar fr\u00e5n och med nu.\",\"breadcrumb\":{\"@id\":\"https:\/\/homeco.no\/sv\/om-homeco\/historia\/#breadcrumb\"},\"inLanguage\":\"sv-SE\",\"potentialAction\":[{\"@type\":\"ReadAction\",\"target\":[\"https:\/\/homeco.no\/sv\/om-homeco\/historia\/\"]}]},{\"@type\":\"ImageObject\",\"inLanguage\":\"sv-SE\",\"@id\":\"https:\/\/homeco.no\/sv\/om-homeco\/historia\/#primaryimage\",\"url\":\"https:\/\/homeco.no\/wp-content\/uploads\/2022\/10\/HomeCo_Sep22_026.jpg\",\"contentUrl\":\"https:\/\/homeco.no\/wp-content\/uploads\/2022\/10\/HomeCo_Sep22_026.jpg\",\"width\":2000,\"height\":1334,\"caption\":\"Trappeoppgangen i Homecos bygg i Sandnes.\"},{\"@type\":\"BreadcrumbList\",\"@id\":\"https:\/\/homeco.no\/sv\/om-homeco\/historia\/#breadcrumb\",\"itemListElement\":[{\"@type\":\"ListItem\",\"position\":1,\"name\":\"Home\",\"item\":\"https:\/\/homeco.no\/sv\/\"},{\"@type\":\"ListItem\",\"position\":2,\"name\":\"Om Homeco\",\"item\":\"https:\/\/homeco.no\/sv\/om-homeco\/\"},{\"@type\":\"ListItem\",\"position\":3,\"name\":\"Historia\"}]},{\"@type\":\"WebSite\",\"@id\":\"https:\/\/homeco.no\/sv\/#website\",\"url\":\"https:\/\/homeco.no\/sv\/\",\"name\":\"Homeco\",\"description\":\"\",\"publisher\":{\"@id\":\"https:\/\/homeco.no\/sv\/#organization\"},\"potentialAction\":[{\"@type\":\"SearchAction\",\"target\":{\"@type\":\"EntryPoint\",\"urlTemplate\":\"https:\/\/homeco.no\/sv\/?s={search_term_string}\"},\"query-input\":{\"@type\":\"PropertyValueSpecification\",\"valueRequired\":true,\"valueName\":\"search_term_string\"}}],\"inLanguage\":\"sv-SE\"},{\"@type\":\"Organization\",\"@id\":\"https:\/\/homeco.no\/sv\/#organization\",\"name\":\"Homeco\",\"url\":\"https:\/\/homeco.no\/sv\/\",\"logo\":{\"@type\":\"ImageObject\",\"inLanguage\":\"sv-SE\",\"@id\":\"https:\/\/homeco.no\/sv\/#\/schema\/logo\/image\/\",\"url\":\"https:\/\/homeco.wpengine.com\/wp-content\/uploads\/2022\/07\/Homeco_Blue_Slogan_RGB.svg\",\"contentUrl\":\"https:\/\/homeco.wpengine.com\/wp-content\/uploads\/2022\/07\/Homeco_Blue_Slogan_RGB.svg\",\"width\":900,\"height\":190,\"caption\":\"Homeco\"},\"image\":{\"@id\":\"https:\/\/homeco.no\/sv\/#\/schema\/logo\/image\/\"}}]}<\/script>\n<!-- \/ Yoast SEO plugin. -->","yoast_head_json":{"title":"Historia - Homeco","description":"Historien \u00e4r den d\u00e5tid som vi l\u00e4r oss av. Homeco ser framtiden som det vi skapar fr\u00e5n och med nu.","robots":{"index":"index","follow":"follow","max-snippet":"max-snippet:-1","max-image-preview":"max-image-preview:large","max-video-preview":"max-video-preview:-1"},"canonical":"https:\/\/homeco.no\/sv\/om-homeco\/historia\/","og_locale":"sv_SE","og_type":"article","og_title":"Historia - Homeco","og_description":"Historien \u00e4r den d\u00e5tid som vi l\u00e4r oss av. Homeco ser framtiden som det vi skapar fr\u00e5n och med nu.","og_url":"https:\/\/homeco.no\/sv\/om-homeco\/historia\/","og_site_name":"Homeco","article_modified_time":"2024-03-11T13:45:50+00:00","og_image":[{"width":2000,"height":1334,"url":"https:\/\/homeco.no\/wp-content\/uploads\/2022\/10\/HomeCo_Sep22_026.jpg","type":"image\/jpeg"}],"twitter_card":"summary_large_image","twitter_misc":{"Ber\u00e4knad l\u00e4stid":"1 minut"},"schema":{"@context":"https:\/\/schema.org","@graph":[{"@type":"WebPage","@id":"https:\/\/homeco.no\/sv\/om-homeco\/historia\/","url":"https:\/\/homeco.no\/sv\/om-homeco\/historia\/","name":"Historia - Homeco","isPartOf":{"@id":"https:\/\/homeco.no\/sv\/#website"},"primaryImageOfPage":{"@id":"https:\/\/homeco.no\/sv\/om-homeco\/historia\/#primaryimage"},"image":{"@id":"https:\/\/homeco.no\/sv\/om-homeco\/historia\/#primaryimage"},"thumbnailUrl":"https:\/\/homeco.no\/wp-content\/uploads\/2022\/10\/HomeCo_Sep22_026.jpg","datePublished":"2022-08-09T07:52:03+00:00","dateModified":"2024-03-11T13:45:50+00:00","description":"Historien \u00e4r den d\u00e5tid som vi l\u00e4r oss av. Homeco ser framtiden som det vi skapar fr\u00e5n och med nu.","breadcrumb":{"@id":"https:\/\/homeco.no\/sv\/om-homeco\/historia\/#breadcrumb"},"inLanguage":"sv-SE","potentialAction":[{"@type":"ReadAction","target":["https:\/\/homeco.no\/sv\/om-homeco\/historia\/"]}]},{"@type":"ImageObject","inLanguage":"sv-SE","@id":"https:\/\/homeco.no\/sv\/om-homeco\/historia\/#primaryimage","url":"https:\/\/homeco.no\/wp-content\/uploads\/2022\/10\/HomeCo_Sep22_026.jpg","contentUrl":"https:\/\/homeco.no\/wp-content\/uploads\/2022\/10\/HomeCo_Sep22_026.jpg","width":2000,"height":1334,"caption":"Trappeoppgangen i Homecos bygg i Sandnes."},{"@type":"BreadcrumbList","@id":"https:\/\/homeco.no\/sv\/om-homeco\/historia\/#breadcrumb","itemListElement":[{"@type":"ListItem","position":1,"name":"Home","item":"https:\/\/homeco.no\/sv\/"},{"@type":"ListItem","position":2,"name":"Om Homeco","item":"https:\/\/homeco.no\/sv\/om-homeco\/"},{"@type":"ListItem","position":3,"name":"Historia"}]},{"@type":"WebSite","@id":"https:\/\/homeco.no\/sv\/#website","url":"https:\/\/homeco.no\/sv\/","name":"Homeco","description":"","publisher":{"@id":"https:\/\/homeco.no\/sv\/#organization"},"potentialAction":[{"@type":"SearchAction","target":{"@type":"EntryPoint","urlTemplate":"https:\/\/homeco.no\/sv\/?s={search_term_string}"},"query-input":{"@type":"PropertyValueSpecification","valueRequired":true,"valueName":"search_term_string"}}],"inLanguage":"sv-SE"},{"@type":"Organization","@id":"https:\/\/homeco.no\/sv\/#organization","name":"Homeco","url":"https:\/\/homeco.no\/sv\/","logo":{"@type":"ImageObject","inLanguage":"sv-SE","@id":"https:\/\/homeco.no\/sv\/#\/schema\/logo\/image\/","url":"https:\/\/homeco.wpengine.com\/wp-content\/uploads\/2022\/07\/Homeco_Blue_Slogan_RGB.svg","contentUrl":"https:\/\/homeco.wpengine.com\/wp-content\/uploads\/2022\/07\/Homeco_Blue_Slogan_RGB.svg","width":900,"height":190,"caption":"Homeco"},"image":{"@id":"https:\/\/homeco.no\/sv\/#\/schema\/logo\/image\/"}}]}},"_links":{"self":[{"href":"https:\/\/homeco.no\/sv\/wp-json\/wp\/v2\/pages\/557","targetHints":{"allow":["GET"]}}],"collection":[{"href":"https:\/\/homeco.no\/sv\/wp-json\/wp\/v2\/pages"}],"about":[{"href":"https:\/\/homeco.no\/sv\/wp-json\/wp\/v2\/types\/page"}],"author":[{"embeddable":true,"href":"https:\/\/homeco.no\/sv\/wp-json\/wp\/v2\/users\/1"}],"replies":[{"embeddable":true,"href":"https:\/\/homeco.no\/sv\/wp-json\/wp\/v2\/comments?post=557"}],"version-history":[{"count":0,"href":"https:\/\/homeco.no\/sv\/wp-json\/wp\/v2\/pages\/557\/revisions"}],"up":[{"embeddable":true,"href":"https:\/\/homeco.no\/sv\/wp-json\/wp\/v2\/pages\/553"}],"wp:featuredmedia":[{"embeddable":true,"href":"https:\/\/homeco.no\/sv\/wp-json\/wp\/v2\/media\/514"}],"wp:attachment":[{"href":"https:\/\/homeco.no\/sv\/wp-json\/wp\/v2\/media?parent=557"}],"curies":[{"name":"wp","href":"https:\/\/api.w.org\/{rel}","templated":true}]}}