{"id":539,"date":"2022-07-07T14:28:23","date_gmt":"2022-07-07T12:28:23","guid":{"rendered":"https:\/\/homeco.no\/selskaper\/"},"modified":"2025-06-30T10:10:53","modified_gmt":"2025-06-30T08:10:53","slug":"foretag","status":"publish","type":"page","link":"https:\/\/homeco.no\/sv\/foretag\/","title":{"rendered":"F\u00f6retag"},"content":{"rendered":"<h3>\u00d6ver 250 kedjebutiker med mer \u00e4n 2 000 anst\u00e4llda erbjuder \u00f6ver 35 000 olika produkter i Norge och Sverige.<\/h3>\n<p>Utrustningen ska inte beh\u00f6va vara ett problem. Home Brands \u00e4r huvuddistribut\u00f6r till Kitch\u2019n, Tilbords och Cervera och representerar bland annat Magnor. Den gemensamma n\u00e4mnaren f\u00f6r v\u00e5ra f\u00f6retag \u00e4r ett brett urval av kvalitetsprodukter f\u00f6r k\u00f6k, matbord och hem, fr\u00e5n k\u00e4nda varum\u00e4rken och till konkurrenskraftiga priser.<\/p>\n","protected":false},"excerpt":{"rendered":"<p>\u00d6ver 250 kedjebutiker med mer \u00e4n 2 000 anst\u00e4llda erbjuder \u00f6ver 35 000 olika produkter i Norge och Sverige. Utrustningen ska inte beh\u00f6va vara ett problem. Home Brands \u00e4r huvuddistribut\u00f6r till Kitch\u2019n, Tilbords och Cervera och representerar bland annat Magnor. Den gemensamma n\u00e4mnaren f\u00f6r v\u00e5ra f\u00f6retag \u00e4r ett brett urval av kvalitetsprodukter f\u00f6r k\u00f6k, matbord [&hellip;]<\/p>\n","protected":false},"author":1,"featured_media":484,"parent":0,"menu_order":6,"comment_status":"closed","ping_status":"closed","template":"","meta":{"_acf_changed":false,"footnotes":""},"class_list":["post-539","page","type-page","status-publish","has-post-thumbnail","hentry"],"acf":{"vare_selskaper_tittel":"V\u00e5ra f\u00f6retag","sideinnstillinger_ingress":"Kitch\u2019n + Tilbords + Cervera + Home Brands + Magnor","sideinnstillinger_hero_media":"Fremhevet bilde","sideinnstillinger_hero_slideshow":[368,382,426,484,460],"sideinnstillinger_hero_video":"https:\/\/homeco.wpengine.com\/wp-content\/uploads\/2022\/07\/istockphoto-1080493634-640_adpp_is.mp4","sideinnstillinger_hero_video_pop-up":"","sideinnstillinger_knapptekst":"V\u00e5ra f\u00f6retag","stats_tittel":"Nyckeltal f\u00f6r v\u00e5ra f\u00f6retag 2024","stats_undertittel":"","legg_til_stats_repeater":[{"legg_til_stats_repeater_tittel":"Etablerat","legg_til_stats_repeater_value":"2015","legg_til_stats_repeater_icon":330},{"legg_til_stats_repeater_tittel":"Butiker","legg_til_stats_repeater_value":"274","legg_til_stats_repeater_icon":314},{"legg_til_stats_repeater_tittel":"Produkter","legg_til_stats_repeater_value":"35 000+","legg_til_stats_repeater_icon":348},{"legg_til_stats_repeater_tittel":"Anst\u00e4llda","legg_til_stats_repeater_value":"2 264","legg_til_stats_repeater_icon":310},{"legg_til_stats_repeater_tittel":"Oms\u00e4ttning (mil. NOK)","legg_til_stats_repeater_value":"4 032,8","legg_til_stats_repeater_icon":312},{"legg_til_stats_repeater_tittel":"EBITDA (mil. NOK)","legg_til_stats_repeater_value":"170,2","legg_til_stats_repeater_icon":512}],"dokumenter_tittel":"","last_opp_dokumenter_repeater":null,"galleri_tittel":"Galleri","galleri_last_opp_bilder":"","relaterte_tittel":"Relaterade sidor","relaterte_velg_sider":[551,553]},"yoast_head":"<!-- This site is optimized with the Yoast SEO plugin v27.3 - https:\/\/yoast.com\/product\/yoast-seo-wordpress\/ -->\n<title>F\u00f6retag - Homeco<\/title>\n<meta name=\"description\" content=\"Homeco best\u00e5r av mer \u00e4n 300 kedjebutiker med \u00f6ver 1900 anst\u00e4llda erbjuder mer \u00e4n 25 000 olika produkter i Norge och Sverige.\" \/>\n<meta name=\"robots\" content=\"index, follow, max-snippet:-1, max-image-preview:large, max-video-preview:-1\" \/>\n<link rel=\"canonical\" href=\"https:\/\/homeco.no\/sv\/foretag\/\" \/>\n<meta property=\"og:locale\" content=\"sv_SE\" \/>\n<meta property=\"og:type\" content=\"article\" \/>\n<meta property=\"og:title\" content=\"F\u00f6retag - Homeco\" \/>\n<meta property=\"og:description\" content=\"Homeco best\u00e5r av mer \u00e4n 300 kedjebutiker med \u00f6ver 1900 anst\u00e4llda erbjuder mer \u00e4n 25 000 olika produkter i Norge och Sverige.\" \/>\n<meta property=\"og:url\" content=\"https:\/\/homeco.no\/sv\/foretag\/\" \/>\n<meta property=\"og:site_name\" content=\"Homeco\" \/>\n<meta property=\"article:modified_time\" content=\"2025-06-30T08:10:53+00:00\" \/>\n<meta property=\"og:image\" content=\"https:\/\/homeco.no\/wp-content\/uploads\/2022\/07\/Homeco_home-brands_showroom_IMG_4752.jpg\" \/>\n\t<meta property=\"og:image:width\" content=\"2000\" \/>\n\t<meta property=\"og:image:height\" content=\"1500\" \/>\n\t<meta property=\"og:image:type\" content=\"image\/jpeg\" \/>\n<meta name=\"twitter:card\" content=\"summary_large_image\" \/>\n<meta name=\"twitter:label1\" content=\"Ber\u00e4knad l\u00e4stid\" \/>\n\t<meta name=\"twitter:data1\" content=\"1 minut\" \/>\n<script type=\"application\/ld+json\" class=\"yoast-schema-graph\">{\"@context\":\"https:\\\/\\\/schema.org\",\"@graph\":[{\"@type\":\"WebPage\",\"@id\":\"https:\\\/\\\/homeco.no\\\/sv\\\/foretag\\\/\",\"url\":\"https:\\\/\\\/homeco.no\\\/sv\\\/foretag\\\/\",\"name\":\"F\u00f6retag - Homeco\",\"isPartOf\":{\"@id\":\"https:\\\/\\\/homeco.no\\\/sv\\\/#website\"},\"primaryImageOfPage\":{\"@id\":\"https:\\\/\\\/homeco.no\\\/sv\\\/foretag\\\/#primaryimage\"},\"image\":{\"@id\":\"https:\\\/\\\/homeco.no\\\/sv\\\/foretag\\\/#primaryimage\"},\"thumbnailUrl\":\"https:\\\/\\\/homeco.no\\\/wp-content\\\/uploads\\\/2022\\\/07\\\/Homeco_home-brands_showroom_IMG_4752.jpg\",\"datePublished\":\"2022-07-07T12:28:23+00:00\",\"dateModified\":\"2025-06-30T08:10:53+00:00\",\"description\":\"Homeco best\u00e5r av mer \u00e4n 300 kedjebutiker med \u00f6ver 1900 anst\u00e4llda erbjuder mer \u00e4n 25 000 olika produkter i Norge och Sverige.\",\"breadcrumb\":{\"@id\":\"https:\\\/\\\/homeco.no\\\/sv\\\/foretag\\\/#breadcrumb\"},\"inLanguage\":\"sv-SE\",\"potentialAction\":[{\"@type\":\"ReadAction\",\"target\":[\"https:\\\/\\\/homeco.no\\\/sv\\\/foretag\\\/\"]}]},{\"@type\":\"ImageObject\",\"inLanguage\":\"sv-SE\",\"@id\":\"https:\\\/\\\/homeco.no\\\/sv\\\/foretag\\\/#primaryimage\",\"url\":\"https:\\\/\\\/homeco.no\\\/wp-content\\\/uploads\\\/2022\\\/07\\\/Homeco_home-brands_showroom_IMG_4752.jpg\",\"contentUrl\":\"https:\\\/\\\/homeco.no\\\/wp-content\\\/uploads\\\/2022\\\/07\\\/Homeco_home-brands_showroom_IMG_4752.jpg\",\"width\":2000,\"height\":1500,\"caption\":\"Flere podier med varer i Home Brands sitt showroom.\"},{\"@type\":\"BreadcrumbList\",\"@id\":\"https:\\\/\\\/homeco.no\\\/sv\\\/foretag\\\/#breadcrumb\",\"itemListElement\":[{\"@type\":\"ListItem\",\"position\":1,\"name\":\"Home\",\"item\":\"https:\\\/\\\/homeco.no\\\/sv\\\/\"},{\"@type\":\"ListItem\",\"position\":2,\"name\":\"F\u00f6retag\"}]},{\"@type\":\"WebSite\",\"@id\":\"https:\\\/\\\/homeco.no\\\/sv\\\/#website\",\"url\":\"https:\\\/\\\/homeco.no\\\/sv\\\/\",\"name\":\"Homeco\",\"description\":\"\",\"publisher\":{\"@id\":\"https:\\\/\\\/homeco.no\\\/sv\\\/#organization\"},\"potentialAction\":[{\"@type\":\"SearchAction\",\"target\":{\"@type\":\"EntryPoint\",\"urlTemplate\":\"https:\\\/\\\/homeco.no\\\/sv\\\/?s={search_term_string}\"},\"query-input\":{\"@type\":\"PropertyValueSpecification\",\"valueRequired\":true,\"valueName\":\"search_term_string\"}}],\"inLanguage\":\"sv-SE\"},{\"@type\":\"Organization\",\"@id\":\"https:\\\/\\\/homeco.no\\\/sv\\\/#organization\",\"name\":\"Homeco\",\"url\":\"https:\\\/\\\/homeco.no\\\/sv\\\/\",\"logo\":{\"@type\":\"ImageObject\",\"inLanguage\":\"sv-SE\",\"@id\":\"https:\\\/\\\/homeco.no\\\/sv\\\/#\\\/schema\\\/logo\\\/image\\\/\",\"url\":\"https:\\\/\\\/homeco.wpengine.com\\\/wp-content\\\/uploads\\\/2022\\\/07\\\/Homeco_Blue_Slogan_RGB.svg\",\"contentUrl\":\"https:\\\/\\\/homeco.wpengine.com\\\/wp-content\\\/uploads\\\/2022\\\/07\\\/Homeco_Blue_Slogan_RGB.svg\",\"width\":900,\"height\":190,\"caption\":\"Homeco\"},\"image\":{\"@id\":\"https:\\\/\\\/homeco.no\\\/sv\\\/#\\\/schema\\\/logo\\\/image\\\/\"}}]}<\/script>\n<!-- \/ Yoast SEO plugin. -->","yoast_head_json":{"title":"F\u00f6retag - Homeco","description":"Homeco best\u00e5r av mer \u00e4n 300 kedjebutiker med \u00f6ver 1900 anst\u00e4llda erbjuder mer \u00e4n 25 000 olika produkter i Norge och Sverige.","robots":{"index":"index","follow":"follow","max-snippet":"max-snippet:-1","max-image-preview":"max-image-preview:large","max-video-preview":"max-video-preview:-1"},"canonical":"https:\/\/homeco.no\/sv\/foretag\/","og_locale":"sv_SE","og_type":"article","og_title":"F\u00f6retag - Homeco","og_description":"Homeco best\u00e5r av mer \u00e4n 300 kedjebutiker med \u00f6ver 1900 anst\u00e4llda erbjuder mer \u00e4n 25 000 olika produkter i Norge och Sverige.","og_url":"https:\/\/homeco.no\/sv\/foretag\/","og_site_name":"Homeco","article_modified_time":"2025-06-30T08:10:53+00:00","og_image":[{"width":2000,"height":1500,"url":"https:\/\/homeco.no\/wp-content\/uploads\/2022\/07\/Homeco_home-brands_showroom_IMG_4752.jpg","type":"image\/jpeg"}],"twitter_card":"summary_large_image","twitter_misc":{"Ber\u00e4knad l\u00e4stid":"1 minut"},"schema":{"@context":"https:\/\/schema.org","@graph":[{"@type":"WebPage","@id":"https:\/\/homeco.no\/sv\/foretag\/","url":"https:\/\/homeco.no\/sv\/foretag\/","name":"F\u00f6retag - Homeco","isPartOf":{"@id":"https:\/\/homeco.no\/sv\/#website"},"primaryImageOfPage":{"@id":"https:\/\/homeco.no\/sv\/foretag\/#primaryimage"},"image":{"@id":"https:\/\/homeco.no\/sv\/foretag\/#primaryimage"},"thumbnailUrl":"https:\/\/homeco.no\/wp-content\/uploads\/2022\/07\/Homeco_home-brands_showroom_IMG_4752.jpg","datePublished":"2022-07-07T12:28:23+00:00","dateModified":"2025-06-30T08:10:53+00:00","description":"Homeco best\u00e5r av mer \u00e4n 300 kedjebutiker med \u00f6ver 1900 anst\u00e4llda erbjuder mer \u00e4n 25 000 olika produkter i Norge och Sverige.","breadcrumb":{"@id":"https:\/\/homeco.no\/sv\/foretag\/#breadcrumb"},"inLanguage":"sv-SE","potentialAction":[{"@type":"ReadAction","target":["https:\/\/homeco.no\/sv\/foretag\/"]}]},{"@type":"ImageObject","inLanguage":"sv-SE","@id":"https:\/\/homeco.no\/sv\/foretag\/#primaryimage","url":"https:\/\/homeco.no\/wp-content\/uploads\/2022\/07\/Homeco_home-brands_showroom_IMG_4752.jpg","contentUrl":"https:\/\/homeco.no\/wp-content\/uploads\/2022\/07\/Homeco_home-brands_showroom_IMG_4752.jpg","width":2000,"height":1500,"caption":"Flere podier med varer i Home Brands sitt showroom."},{"@type":"BreadcrumbList","@id":"https:\/\/homeco.no\/sv\/foretag\/#breadcrumb","itemListElement":[{"@type":"ListItem","position":1,"name":"Home","item":"https:\/\/homeco.no\/sv\/"},{"@type":"ListItem","position":2,"name":"F\u00f6retag"}]},{"@type":"WebSite","@id":"https:\/\/homeco.no\/sv\/#website","url":"https:\/\/homeco.no\/sv\/","name":"Homeco","description":"","publisher":{"@id":"https:\/\/homeco.no\/sv\/#organization"},"potentialAction":[{"@type":"SearchAction","target":{"@type":"EntryPoint","urlTemplate":"https:\/\/homeco.no\/sv\/?s={search_term_string}"},"query-input":{"@type":"PropertyValueSpecification","valueRequired":true,"valueName":"search_term_string"}}],"inLanguage":"sv-SE"},{"@type":"Organization","@id":"https:\/\/homeco.no\/sv\/#organization","name":"Homeco","url":"https:\/\/homeco.no\/sv\/","logo":{"@type":"ImageObject","inLanguage":"sv-SE","@id":"https:\/\/homeco.no\/sv\/#\/schema\/logo\/image\/","url":"https:\/\/homeco.wpengine.com\/wp-content\/uploads\/2022\/07\/Homeco_Blue_Slogan_RGB.svg","contentUrl":"https:\/\/homeco.wpengine.com\/wp-content\/uploads\/2022\/07\/Homeco_Blue_Slogan_RGB.svg","width":900,"height":190,"caption":"Homeco"},"image":{"@id":"https:\/\/homeco.no\/sv\/#\/schema\/logo\/image\/"}}]}},"_links":{"self":[{"href":"https:\/\/homeco.no\/sv\/wp-json\/wp\/v2\/pages\/539","targetHints":{"allow":["GET"]}}],"collection":[{"href":"https:\/\/homeco.no\/sv\/wp-json\/wp\/v2\/pages"}],"about":[{"href":"https:\/\/homeco.no\/sv\/wp-json\/wp\/v2\/types\/page"}],"author":[{"embeddable":true,"href":"https:\/\/homeco.no\/sv\/wp-json\/wp\/v2\/users\/1"}],"replies":[{"embeddable":true,"href":"https:\/\/homeco.no\/sv\/wp-json\/wp\/v2\/comments?post=539"}],"version-history":[{"count":0,"href":"https:\/\/homeco.no\/sv\/wp-json\/wp\/v2\/pages\/539\/revisions"}],"acf:post":[{"embeddable":true,"href":"https:\/\/homeco.no\/sv\/wp-json\/wp\/v2\/pages\/553"},{"embeddable":true,"href":"https:\/\/homeco.no\/sv\/wp-json\/wp\/v2\/pages\/551"}],"acf:attachment":[{"embeddable":true,"href":"https:\/\/homeco.no\/sv\/wp-json\/wp\/v2\/media\/460"},{"embeddable":true,"href":"https:\/\/homeco.no\/sv\/wp-json\/wp\/v2\/media\/484"},{"embeddable":true,"href":"https:\/\/homeco.no\/sv\/wp-json\/wp\/v2\/media\/426"},{"embeddable":true,"href":"https:\/\/homeco.no\/sv\/wp-json\/wp\/v2\/media\/382"},{"embeddable":true,"href":"https:\/\/homeco.no\/sv\/wp-json\/wp\/v2\/media\/368"}],"wp:featuredmedia":[{"embeddable":true,"href":"https:\/\/homeco.no\/sv\/wp-json\/wp\/v2\/media\/484"}],"wp:attachment":[{"href":"https:\/\/homeco.no\/sv\/wp-json\/wp\/v2\/media?parent=539"}],"curies":[{"name":"wp","href":"https:\/\/api.w.org\/{rel}","templated":true}]}}