{"id":556,"date":"2022-08-09T09:52:03","date_gmt":"2022-08-09T07:52:03","guid":{"rendered":"https:\/\/homeco.no\/om-homeco\/historie\/"},"modified":"2024-03-11T14:41:33","modified_gmt":"2024-03-11T13:41:33","slug":"history","status":"publish","type":"page","link":"https:\/\/homeco.no\/en\/about-homeco\/history\/","title":{"rendered":"History"},"content":{"rendered":"<h2>Past and future<\/h2>\n<p>Development entails lifting our gaze and moving forward, sometimes step by step, while at other times by leaps and bounds. But it is also about looking back, learning from the past and applying this knowledge to meet the needs and demands of the future.<\/p>\n<p>We are proud of our history, and in the future we will be able to look back at our past with pride. We believe in the future, and we envision homes overflowing with our products.<\/p>\n<p>Most stories have already been told, but the story of Homeco has just begun.<\/p>\n","protected":false},"excerpt":{"rendered":"<p>Past and future Development entails lifting our gaze and moving forward, sometimes step by step, while at other times by leaps and bounds. But it is also about looking back, learning from the past and applying this knowledge to meet the needs and demands of the future. We are proud of our history, and in [&hellip;]<\/p>\n","protected":false},"author":1,"featured_media":513,"parent":552,"menu_order":2,"comment_status":"closed","ping_status":"closed","template":"","meta":{"_acf_changed":false,"footnotes":""},"class_list":["post-556","page","type-page","status-publish","has-post-thumbnail","hentry"],"acf":{"sideinnstillinger_ingress":"History is the past from which we learn, while Homeco sees the future we are creating now.","sideinnstillinger_hero_media":"Fremhevet bilde","sideinnstillinger_hero_slideshow":null,"sideinnstillinger_hero_video":"https:\/\/homeco.wpengine.com\/wp-content\/uploads\/2022\/07\/homebrands-homeBG_040422_v3.mp4","sideinnstillinger_hero_video_pop-up":"","sideinnstillinger_knapptekst":"Learn more about our history","stats_tittel":"","stats_undertittel":"","legg_til_stats_repeater":null,"timeline_legg_til_oppforing":[{"timeline_dato":"2002","timeline_tittel":"Kitch\u2019n","timeline_tekst":"Kitch\u2019n is established and opens its fourth store the same year in Trondheim. The vision is to become number 1 in the kitchen.","timeline_bilde":469},{"timeline_dato":"2015","timeline_tittel":"Kitch\u2019n Sweden","timeline_tekst":"Kitch\u2019n Sweden is established, with stores in Stockholm, Malm\u00f6 and V\u00e4ster\u00e5s.","timeline_bilde":467},{"timeline_dato":"2018","timeline_tittel":"Tilbord becomes part of Kibord + Home Brands","timeline_tekst":"The head office of Tilbords, including the wholesale company in Bergen, moves down south to Sandnes.","timeline_bilde":305},{"timeline_dato":"2020","timeline_tittel":"Kibord + Home Brands buys Magnor Glassverk","timeline_tekst":"The company will be part of our further investment in branding in Scandinavia.","timeline_bilde":355},{"timeline_dato":"2021","timeline_tittel":"Kibord + Home Brands acquires Cervera","timeline_tekst":"Kibord + Home Brands, which also owns Tilbords and Kitch'n, buys the Swedish chain Cervera. The first Cervera store was opened in Arninge, north of Stockholm, in 1987 by the founders Ragnar Bohman, Jack Moell and Bo Forslund, and in the spring of 2018 came the establishment of an online store in Norway.","timeline_bilde":301},{"timeline_dato":"2021","timeline_tittel":"Kibord + Home Brands becomes Home Brands Holding","timeline_tekst":"After the acquisition of Cervera, Kibord + Home Brands is restructured into Home Brands Holding.","timeline_bilde":""},{"timeline_dato":"2022","timeline_tittel":"Home Brands Holding becomes Homeco","timeline_tekst":"The aim is to build up a strong Nordic group with quality products for the home, with a main focus on kitchen equipment and interiors.","timeline_bilde":287}],"dokumenter_tittel":"","last_opp_dokumenter_repeater":null,"galleri_tittel":"Gallery","galleri_last_opp_bilder":[null],"relaterte_tittel":"Related pages","relaterte_velg_sider":null},"yoast_head":"<!-- This site is optimized with the Yoast SEO plugin v27.3 - https:\/\/yoast.com\/product\/yoast-seo-wordpress\/ -->\n<title>History - Homeco<\/title>\n<meta name=\"description\" content=\"Historie er fortiden vi l\u00e6rer fra, Homeco ser fremtiden vi skaper fra og med n\u00e5.\" \/>\n<meta name=\"robots\" content=\"index, follow, max-snippet:-1, max-image-preview:large, max-video-preview:-1\" \/>\n<link rel=\"canonical\" href=\"https:\/\/homeco.no\/en\/about-homeco\/history\/\" \/>\n<meta property=\"og:locale\" content=\"en_US\" \/>\n<meta property=\"og:type\" content=\"article\" \/>\n<meta property=\"og:title\" content=\"History - Homeco\" \/>\n<meta property=\"og:description\" content=\"Historie er fortiden vi l\u00e6rer fra, Homeco ser fremtiden vi skaper fra og med n\u00e5.\" \/>\n<meta property=\"og:url\" content=\"https:\/\/homeco.no\/en\/about-homeco\/history\/\" \/>\n<meta property=\"og:site_name\" content=\"Homeco\" \/>\n<meta property=\"article:modified_time\" content=\"2024-03-11T13:41:33+00:00\" \/>\n<meta property=\"og:image\" content=\"https:\/\/homeco.no\/wp-content\/uploads\/2022\/10\/HomeCo_Sep22_026.jpg\" \/>\n\t<meta property=\"og:image:width\" content=\"2000\" \/>\n\t<meta property=\"og:image:height\" content=\"1334\" \/>\n\t<meta property=\"og:image:type\" content=\"image\/jpeg\" \/>\n<meta name=\"twitter:card\" content=\"summary_large_image\" \/>\n<meta name=\"twitter:label1\" content=\"Est. reading time\" \/>\n\t<meta name=\"twitter:data1\" content=\"1 minute\" \/>\n<script type=\"application\/ld+json\" class=\"yoast-schema-graph\">{\"@context\":\"https:\\\/\\\/schema.org\",\"@graph\":[{\"@type\":\"WebPage\",\"@id\":\"https:\\\/\\\/homeco.no\\\/en\\\/about-homeco\\\/history\\\/\",\"url\":\"https:\\\/\\\/homeco.no\\\/en\\\/about-homeco\\\/history\\\/\",\"name\":\"History - Homeco\",\"isPartOf\":{\"@id\":\"https:\\\/\\\/homeco.no\\\/en\\\/#website\"},\"primaryImageOfPage\":{\"@id\":\"https:\\\/\\\/homeco.no\\\/en\\\/about-homeco\\\/history\\\/#primaryimage\"},\"image\":{\"@id\":\"https:\\\/\\\/homeco.no\\\/en\\\/about-homeco\\\/history\\\/#primaryimage\"},\"thumbnailUrl\":\"https:\\\/\\\/homeco.no\\\/wp-content\\\/uploads\\\/2022\\\/10\\\/HomeCo_Sep22_026.jpg\",\"datePublished\":\"2022-08-09T07:52:03+00:00\",\"dateModified\":\"2024-03-11T13:41:33+00:00\",\"description\":\"Historie er fortiden vi l\u00e6rer fra, Homeco ser fremtiden vi skaper fra og med n\u00e5.\",\"breadcrumb\":{\"@id\":\"https:\\\/\\\/homeco.no\\\/en\\\/about-homeco\\\/history\\\/#breadcrumb\"},\"inLanguage\":\"en-US\",\"potentialAction\":[{\"@type\":\"ReadAction\",\"target\":[\"https:\\\/\\\/homeco.no\\\/en\\\/about-homeco\\\/history\\\/\"]}]},{\"@type\":\"ImageObject\",\"inLanguage\":\"en-US\",\"@id\":\"https:\\\/\\\/homeco.no\\\/en\\\/about-homeco\\\/history\\\/#primaryimage\",\"url\":\"https:\\\/\\\/homeco.no\\\/wp-content\\\/uploads\\\/2022\\\/10\\\/HomeCo_Sep22_026.jpg\",\"contentUrl\":\"https:\\\/\\\/homeco.no\\\/wp-content\\\/uploads\\\/2022\\\/10\\\/HomeCo_Sep22_026.jpg\",\"width\":2000,\"height\":1334,\"caption\":\"Trappeoppgangen i Homecos bygg i Sandnes.\"},{\"@type\":\"BreadcrumbList\",\"@id\":\"https:\\\/\\\/homeco.no\\\/en\\\/about-homeco\\\/history\\\/#breadcrumb\",\"itemListElement\":[{\"@type\":\"ListItem\",\"position\":1,\"name\":\"Home\",\"item\":\"https:\\\/\\\/homeco.no\\\/en\\\/\"},{\"@type\":\"ListItem\",\"position\":2,\"name\":\"About Homeco\",\"item\":\"https:\\\/\\\/homeco.no\\\/en\\\/about-homeco\\\/\"},{\"@type\":\"ListItem\",\"position\":3,\"name\":\"History\"}]},{\"@type\":\"WebSite\",\"@id\":\"https:\\\/\\\/homeco.no\\\/en\\\/#website\",\"url\":\"https:\\\/\\\/homeco.no\\\/en\\\/\",\"name\":\"Homeco\",\"description\":\"\",\"publisher\":{\"@id\":\"https:\\\/\\\/homeco.no\\\/en\\\/#organization\"},\"potentialAction\":[{\"@type\":\"SearchAction\",\"target\":{\"@type\":\"EntryPoint\",\"urlTemplate\":\"https:\\\/\\\/homeco.no\\\/en\\\/?s={search_term_string}\"},\"query-input\":{\"@type\":\"PropertyValueSpecification\",\"valueRequired\":true,\"valueName\":\"search_term_string\"}}],\"inLanguage\":\"en-US\"},{\"@type\":\"Organization\",\"@id\":\"https:\\\/\\\/homeco.no\\\/en\\\/#organization\",\"name\":\"Homeco\",\"url\":\"https:\\\/\\\/homeco.no\\\/en\\\/\",\"logo\":{\"@type\":\"ImageObject\",\"inLanguage\":\"en-US\",\"@id\":\"https:\\\/\\\/homeco.no\\\/en\\\/#\\\/schema\\\/logo\\\/image\\\/\",\"url\":\"https:\\\/\\\/homeco.wpengine.com\\\/wp-content\\\/uploads\\\/2022\\\/07\\\/Homeco_Blue_Slogan_RGB.svg\",\"contentUrl\":\"https:\\\/\\\/homeco.wpengine.com\\\/wp-content\\\/uploads\\\/2022\\\/07\\\/Homeco_Blue_Slogan_RGB.svg\",\"width\":900,\"height\":190,\"caption\":\"Homeco\"},\"image\":{\"@id\":\"https:\\\/\\\/homeco.no\\\/en\\\/#\\\/schema\\\/logo\\\/image\\\/\"}}]}<\/script>\n<!-- \/ Yoast SEO plugin. -->","yoast_head_json":{"title":"History - Homeco","description":"Historie er fortiden vi l\u00e6rer fra, Homeco ser fremtiden vi skaper fra og med n\u00e5.","robots":{"index":"index","follow":"follow","max-snippet":"max-snippet:-1","max-image-preview":"max-image-preview:large","max-video-preview":"max-video-preview:-1"},"canonical":"https:\/\/homeco.no\/en\/about-homeco\/history\/","og_locale":"en_US","og_type":"article","og_title":"History - Homeco","og_description":"Historie er fortiden vi l\u00e6rer fra, Homeco ser fremtiden vi skaper fra og med n\u00e5.","og_url":"https:\/\/homeco.no\/en\/about-homeco\/history\/","og_site_name":"Homeco","article_modified_time":"2024-03-11T13:41:33+00:00","og_image":[{"width":2000,"height":1334,"url":"https:\/\/homeco.no\/wp-content\/uploads\/2022\/10\/HomeCo_Sep22_026.jpg","type":"image\/jpeg"}],"twitter_card":"summary_large_image","twitter_misc":{"Est. reading time":"1 minute"},"schema":{"@context":"https:\/\/schema.org","@graph":[{"@type":"WebPage","@id":"https:\/\/homeco.no\/en\/about-homeco\/history\/","url":"https:\/\/homeco.no\/en\/about-homeco\/history\/","name":"History - Homeco","isPartOf":{"@id":"https:\/\/homeco.no\/en\/#website"},"primaryImageOfPage":{"@id":"https:\/\/homeco.no\/en\/about-homeco\/history\/#primaryimage"},"image":{"@id":"https:\/\/homeco.no\/en\/about-homeco\/history\/#primaryimage"},"thumbnailUrl":"https:\/\/homeco.no\/wp-content\/uploads\/2022\/10\/HomeCo_Sep22_026.jpg","datePublished":"2022-08-09T07:52:03+00:00","dateModified":"2024-03-11T13:41:33+00:00","description":"Historie er fortiden vi l\u00e6rer fra, Homeco ser fremtiden vi skaper fra og med n\u00e5.","breadcrumb":{"@id":"https:\/\/homeco.no\/en\/about-homeco\/history\/#breadcrumb"},"inLanguage":"en-US","potentialAction":[{"@type":"ReadAction","target":["https:\/\/homeco.no\/en\/about-homeco\/history\/"]}]},{"@type":"ImageObject","inLanguage":"en-US","@id":"https:\/\/homeco.no\/en\/about-homeco\/history\/#primaryimage","url":"https:\/\/homeco.no\/wp-content\/uploads\/2022\/10\/HomeCo_Sep22_026.jpg","contentUrl":"https:\/\/homeco.no\/wp-content\/uploads\/2022\/10\/HomeCo_Sep22_026.jpg","width":2000,"height":1334,"caption":"Trappeoppgangen i Homecos bygg i Sandnes."},{"@type":"BreadcrumbList","@id":"https:\/\/homeco.no\/en\/about-homeco\/history\/#breadcrumb","itemListElement":[{"@type":"ListItem","position":1,"name":"Home","item":"https:\/\/homeco.no\/en\/"},{"@type":"ListItem","position":2,"name":"About Homeco","item":"https:\/\/homeco.no\/en\/about-homeco\/"},{"@type":"ListItem","position":3,"name":"History"}]},{"@type":"WebSite","@id":"https:\/\/homeco.no\/en\/#website","url":"https:\/\/homeco.no\/en\/","name":"Homeco","description":"","publisher":{"@id":"https:\/\/homeco.no\/en\/#organization"},"potentialAction":[{"@type":"SearchAction","target":{"@type":"EntryPoint","urlTemplate":"https:\/\/homeco.no\/en\/?s={search_term_string}"},"query-input":{"@type":"PropertyValueSpecification","valueRequired":true,"valueName":"search_term_string"}}],"inLanguage":"en-US"},{"@type":"Organization","@id":"https:\/\/homeco.no\/en\/#organization","name":"Homeco","url":"https:\/\/homeco.no\/en\/","logo":{"@type":"ImageObject","inLanguage":"en-US","@id":"https:\/\/homeco.no\/en\/#\/schema\/logo\/image\/","url":"https:\/\/homeco.wpengine.com\/wp-content\/uploads\/2022\/07\/Homeco_Blue_Slogan_RGB.svg","contentUrl":"https:\/\/homeco.wpengine.com\/wp-content\/uploads\/2022\/07\/Homeco_Blue_Slogan_RGB.svg","width":900,"height":190,"caption":"Homeco"},"image":{"@id":"https:\/\/homeco.no\/en\/#\/schema\/logo\/image\/"}}]}},"_links":{"self":[{"href":"https:\/\/homeco.no\/en\/wp-json\/wp\/v2\/pages\/556","targetHints":{"allow":["GET"]}}],"collection":[{"href":"https:\/\/homeco.no\/en\/wp-json\/wp\/v2\/pages"}],"about":[{"href":"https:\/\/homeco.no\/en\/wp-json\/wp\/v2\/types\/page"}],"author":[{"embeddable":true,"href":"https:\/\/homeco.no\/en\/wp-json\/wp\/v2\/users\/1"}],"replies":[{"embeddable":true,"href":"https:\/\/homeco.no\/en\/wp-json\/wp\/v2\/comments?post=556"}],"version-history":[{"count":0,"href":"https:\/\/homeco.no\/en\/wp-json\/wp\/v2\/pages\/556\/revisions"}],"up":[{"embeddable":true,"href":"https:\/\/homeco.no\/en\/wp-json\/wp\/v2\/pages\/552"}],"acf:attachment":[{"embeddable":true,"href":"https:\/\/homeco.no\/en\/wp-json\/wp\/v2\/media\/"}],"wp:featuredmedia":[{"embeddable":true,"href":"https:\/\/homeco.no\/en\/wp-json\/wp\/v2\/media\/513"}],"wp:attachment":[{"href":"https:\/\/homeco.no\/en\/wp-json\/wp\/v2\/media?parent=556"}],"curies":[{"name":"wp","href":"https:\/\/api.w.org\/{rel}","templated":true}]}}